{"id":54411,"date":"2024-04-28T20:14:19","date_gmt":"2024-04-28T19:14:19","guid":{"rendered":"https:\/\/www.salesstep.com\/?page_id=54411"},"modified":"2026-02-27T09:42:18","modified_gmt":"2026-02-27T08:42:18","slug":"advanced-features","status":"publish","type":"page","link":"https:\/\/www.salesstep.com\/de\/advanced-features\/","title":{"rendered":"Erweiterte Funktionen"},"content":{"rendered":"<div data-elementor-type=\"wp-page\" data-elementor-id=\"54411\" class=\"elementor elementor-54411\" data-elementor-post-type=\"page\">\n\t\t\t\t\t\t<section class=\"elementor-section elementor-top-section elementor-element elementor-element-596cc52 elementor-section-boxed elementor-section-height-default elementor-section-height-default\" data-id=\"596cc52\" data-element_type=\"section\">\n\t\t\t\t\t\t<div class=\"elementor-container elementor-column-gap-default\">\n\t\t\t\t\t<div class=\"elementor-column elementor-col-33 elementor-top-column elementor-element elementor-element-c3722a3\" data-id=\"c3722a3\" data-element_type=\"column\">\n\t\t\t<div class=\"elementor-widget-wrap\">\n\t\t\t\t\t\t\t<\/div>\n\t\t<\/div>\n\t\t\t\t<div class=\"elementor-column elementor-col-33 elementor-top-column elementor-element elementor-element-37dcde0\" data-id=\"37dcde0\" data-element_type=\"column\">\n\t\t\t<div class=\"elementor-widget-wrap\">\n\t\t\t\t\t\t\t<\/div>\n\t\t<\/div>\n\t\t\t\t<div class=\"elementor-column elementor-col-33 elementor-top-column elementor-element elementor-element-269c85d\" data-id=\"269c85d\" data-element_type=\"column\">\n\t\t\t<div class=\"elementor-widget-wrap\">\n\t\t\t\t\t\t\t<\/div>\n\t\t<\/div>\n\t\t\t\t\t<\/div>\n\t\t<\/section>\n\t\t\t\t<section class=\"elementor-section elementor-top-section elementor-element elementor-element-3d69b96 elementor-section-full_width elementor-section-height-default elementor-section-height-default\" data-id=\"3d69b96\" data-element_type=\"section\">\n\t\t\t\t\t\t<div class=\"elementor-container elementor-column-gap-default\">\n\t\t\t\t\t<div class=\"elementor-column elementor-col-100 elementor-top-column elementor-element elementor-element-e848f2d\" data-id=\"e848f2d\" data-element_type=\"column\">\n\t\t\t<div class=\"elementor-widget-wrap elementor-element-populated\">\n\t\t\t\t\t\t<div class=\"elementor-element elementor-element-eca9e19 elementor-widget elementor-widget-heading\" data-id=\"eca9e19\" data-element_type=\"widget\" data-widget_type=\"heading.default\">\n\t\t\t\t<div class=\"elementor-widget-container\">\n\t\t\t\t\t<h2 class=\"elementor-heading-title elementor-size-default\">Erweiterte Funktionen<\/h2>\t\t\t\t<\/div>\n\t\t\t\t<\/div>\n\t\t\t\t\t<\/div>\n\t\t<\/div>\n\t\t\t\t\t<\/div>\n\t\t<\/section>\n\t\t\t\t<section class=\"elementor-section elementor-top-section elementor-element elementor-element-07ec74d elementor-section-boxed elementor-section-height-default elementor-section-height-default\" data-id=\"07ec74d\" data-element_type=\"section\">\n\t\t\t\t\t\t<div class=\"elementor-container elementor-column-gap-default\">\n\t\t\t\t\t<div class=\"elementor-column elementor-col-100 elementor-top-column elementor-element elementor-element-879b2a6\" data-id=\"879b2a6\" data-element_type=\"column\">\n\t\t\t<div class=\"elementor-widget-wrap elementor-element-populated\">\n\t\t\t\t\t\t<div class=\"elementor-element elementor-element-28869fc elementor-widget__width-inherit elementor-widget elementor-widget-text-editor\" data-id=\"28869fc\" data-element_type=\"widget\" data-widget_type=\"text-editor.default\">\n\t\t\t\t<div class=\"elementor-widget-container\">\n\t\t\t\t\t\t\t\t\t<p>SalesStep bietet drei erweiterte Funktionen, die jedes Assessment und jedes Profil verbessern. Jede Funktion wurde sorgf\u00e4ltig verfeinert, um sicherzustellen, dass Sie und Ihr Team das Beste aus Ihrer Entwicklung herausholen. Diese erweiterten M\u00f6glichkeiten erleichtern die Identifizierung von individuellen und teambezogenen St\u00e4rken, das Erkennen von Kompetenzl\u00fccken im Team und die Auswahl der optimalen Kandidaten f\u00fcr Ihr Team.<\/p>\t\t\t\t\t\t\t\t<\/div>\n\t\t\t\t<\/div>\n\t\t\t\t\t<\/div>\n\t\t<\/div>\n\t\t\t\t\t<\/div>\n\t\t<\/section>\n\t\t\t\t<section class=\"elementor-section elementor-top-section elementor-element elementor-element-4c51756 elementor-section-full_width elementor-section-height-default elementor-section-height-default\" data-id=\"4c51756\" data-element_type=\"section\">\n\t\t\t\t\t\t<div class=\"elementor-container elementor-column-gap-default\">\n\t\t\t\t\t<div class=\"elementor-column elementor-col-33 elementor-top-column elementor-element elementor-element-83d65c2\" data-id=\"83d65c2\" data-element_type=\"column\">\n\t\t\t<div class=\"elementor-widget-wrap elementor-element-populated\">\n\t\t\t\t\t\t<div class=\"elementor-element elementor-element-9c51f6d elementor-widget elementor-widget-image\" data-id=\"9c51f6d\" data-element_type=\"widget\" data-widget_type=\"image.default\">\n\t\t\t\t<div class=\"elementor-widget-container\">\n\t\t\t\t\t\t\t\t\t\t\t\t\t\t\t<img fetchpriority=\"high\" decoding=\"async\" width=\"525\" height=\"525\" src=\"https:\/\/www.salesstep.com\/wp-content\/uploads\/2024\/04\/2-2-1024x1024.png\" class=\"attachment-large size-large wp-image-54503\" alt=\"\" srcset=\"https:\/\/www.salesstep.com\/wp-content\/uploads\/2024\/04\/2-2-1024x1024.png 1024w, https:\/\/www.salesstep.com\/wp-content\/uploads\/2024\/04\/2-2-300x300.png 300w, https:\/\/www.salesstep.com\/wp-content\/uploads\/2024\/04\/2-2-150x150.png 150w, https:\/\/www.salesstep.com\/wp-content\/uploads\/2024\/04\/2-2-768x768.png 768w, https:\/\/www.salesstep.com\/wp-content\/uploads\/2024\/04\/2-2-1536x1536.png 1536w, https:\/\/www.salesstep.com\/wp-content\/uploads\/2024\/04\/2-2-2048x2048.png 2048w, https:\/\/www.salesstep.com\/wp-content\/uploads\/2024\/04\/2-2-12x12.png 12w, https:\/\/www.salesstep.com\/wp-content\/uploads\/2024\/04\/2-2-100x100.png 100w\" sizes=\"100vw\" \/>\t\t\t\t\t\t\t\t\t\t\t\t\t\t\t<\/div>\n\t\t\t\t<\/div>\n\t\t\t\t<div class=\"elementor-element elementor-element-4c51453 elementor-widget elementor-widget-text-editor\" data-id=\"4c51453\" data-element_type=\"widget\" data-widget_type=\"text-editor.default\">\n\t\t\t\t<div class=\"elementor-widget-container\">\n\t\t\t\t\t\t\t\t\t<ul><li>Fortschritt von T0\u2013T1\u2013T2 messen<\/li><li>Verf\u00fcgbar f\u00fcr alle Profile<\/li><li>ROI von Trainings messen<\/li><li>Entwicklung im Zeitverlauf sehen<\/li><\/ul>\t\t\t\t\t\t\t\t<\/div>\n\t\t\t\t<\/div>\n\t\t\t\t\t<\/div>\n\t\t<\/div>\n\t\t\t\t<div class=\"elementor-column elementor-col-33 elementor-top-column elementor-element elementor-element-fd080a8\" data-id=\"fd080a8\" data-element_type=\"column\">\n\t\t\t<div class=\"elementor-widget-wrap elementor-element-populated\">\n\t\t\t\t\t\t<div class=\"elementor-element elementor-element-853957c elementor-widget elementor-widget-image\" data-id=\"853957c\" data-element_type=\"widget\" data-widget_type=\"image.default\">\n\t\t\t\t<div class=\"elementor-widget-container\">\n\t\t\t\t\t\t\t\t\t\t\t\t\t\t\t<img decoding=\"async\" width=\"525\" height=\"525\" src=\"https:\/\/www.salesstep.com\/wp-content\/uploads\/2024\/04\/1-2-1024x1024.png\" class=\"attachment-large size-large wp-image-54502\" alt=\"\" srcset=\"https:\/\/www.salesstep.com\/wp-content\/uploads\/2024\/04\/1-2-1024x1024.png 1024w, https:\/\/www.salesstep.com\/wp-content\/uploads\/2024\/04\/1-2-300x300.png 300w, https:\/\/www.salesstep.com\/wp-content\/uploads\/2024\/04\/1-2-150x150.png 150w, https:\/\/www.salesstep.com\/wp-content\/uploads\/2024\/04\/1-2-768x768.png 768w, https:\/\/www.salesstep.com\/wp-content\/uploads\/2024\/04\/1-2-1536x1536.png 1536w, https:\/\/www.salesstep.com\/wp-content\/uploads\/2024\/04\/1-2-2048x2048.png 2048w, https:\/\/www.salesstep.com\/wp-content\/uploads\/2024\/04\/1-2-12x12.png 12w, https:\/\/www.salesstep.com\/wp-content\/uploads\/2024\/04\/1-2-100x100.png 100w\" sizes=\"100vw\" \/>\t\t\t\t\t\t\t\t\t\t\t\t\t\t\t<\/div>\n\t\t\t\t<\/div>\n\t\t\t\t<div class=\"elementor-element elementor-element-3342a39 elementor-widget elementor-widget-text-editor\" data-id=\"3342a39\" data-element_type=\"widget\" data-widget_type=\"text-editor.default\">\n\t\t\t\t<div class=\"elementor-widget-container\">\n\t\t\t\t\t\t\t\t\t<ul><li>Die Denkweise Ihres Vertriebsteams entdecken<\/li><li>Entwicklungsziele des Teams priorisieren<\/li><li>Wichtige F\u00e4higkeiten hervorheben, die im Team fehlen<\/li><\/ul>\t\t\t\t\t\t\t\t<\/div>\n\t\t\t\t<\/div>\n\t\t\t\t\t<\/div>\n\t\t<\/div>\n\t\t\t\t<div class=\"elementor-column elementor-col-33 elementor-top-column elementor-element elementor-element-7f42a81\" data-id=\"7f42a81\" data-element_type=\"column\">\n\t\t\t<div class=\"elementor-widget-wrap elementor-element-populated\">\n\t\t\t\t\t\t<div class=\"elementor-element elementor-element-2dd4f5e elementor-widget elementor-widget-image\" data-id=\"2dd4f5e\" data-element_type=\"widget\" data-widget_type=\"image.default\">\n\t\t\t\t<div class=\"elementor-widget-container\">\n\t\t\t\t\t\t\t\t\t\t\t\t\t\t\t<img decoding=\"async\" width=\"525\" height=\"525\" src=\"https:\/\/www.salesstep.com\/wp-content\/uploads\/2024\/04\/3-2-1024x1024.png\" class=\"attachment-large size-large wp-image-54504\" alt=\"\" srcset=\"https:\/\/www.salesstep.com\/wp-content\/uploads\/2024\/04\/3-2-1024x1024.png 1024w, https:\/\/www.salesstep.com\/wp-content\/uploads\/2024\/04\/3-2-300x300.png 300w, https:\/\/www.salesstep.com\/wp-content\/uploads\/2024\/04\/3-2-150x150.png 150w, https:\/\/www.salesstep.com\/wp-content\/uploads\/2024\/04\/3-2-768x768.png 768w, https:\/\/www.salesstep.com\/wp-content\/uploads\/2024\/04\/3-2-1536x1536.png 1536w, https:\/\/www.salesstep.com\/wp-content\/uploads\/2024\/04\/3-2-2048x2048.png 2048w, https:\/\/www.salesstep.com\/wp-content\/uploads\/2024\/04\/3-2-12x12.png 12w, https:\/\/www.salesstep.com\/wp-content\/uploads\/2024\/04\/3-2-100x100.png 100w\" sizes=\"100vw\" \/>\t\t\t\t\t\t\t\t\t\t\t\t\t\t\t<\/div>\n\t\t\t\t<\/div>\n\t\t\t\t<div class=\"elementor-element elementor-element-6a1d30d elementor-widget elementor-widget-text-editor\" data-id=\"6a1d30d\" data-element_type=\"widget\" data-widget_type=\"text-editor.default\">\n\t\t\t\t<div class=\"elementor-widget-container\">\n\t\t\t\t\t\t\t\t\t<ul><li>Eignung f\u00fcr eine Vertriebskarriere bewerten<\/li><li>Einstellungsentscheidungen treffen und Rekrutierung optimieren<\/li><li>Sofortige Einblicke f\u00fcr die Weiterentwicklung erhalten<\/li><\/ul>\t\t\t\t\t\t\t\t<\/div>\n\t\t\t\t<\/div>\n\t\t\t\t\t<\/div>\n\t\t<\/div>\n\t\t\t\t\t<\/div>\n\t\t<\/section>\n\t\t\t\t<\/div>","protected":false},"excerpt":{"rendered":"<p>Advanced Features SalesStep biedt drie geavanceerde functies die elk assessment en profiel verbeteren. Elke functie is uitgebreid verfijnd om ervoor te zorgen dat u en uw team het beste uit uw ontwikkeling halen. Deze geavanceerde mogelijkheden vergemakkelijken de identificatie van zowel individuele als team sterke punten, lokaliseren lacunes in vaardigheden binnen het team en helpen &hellip; <\/p>\n<p class=\"link-more\"><a href=\"https:\/\/www.salesstep.com\/de\/advanced-features\/\" class=\"more-link\"><span class=\"screen-reader-text\">\u201eAdvanced Features\u201c<\/span> weiterlesen<\/a><\/p>","protected":false},"author":9,"featured_media":0,"parent":0,"menu_order":0,"comment_status":"closed","ping_status":"closed","template":"elementor_header_footer","meta":{"_monsterinsights_skip_tracking":false,"_monsterinsights_sitenote_active":false,"_monsterinsights_sitenote_note":"","_monsterinsights_sitenote_category":0,"footnotes":""},"class_list":["post-54411","page","type-page","status-publish","hentry"],"yoast_head":"<!-- This site is optimized with the Yoast SEO plugin v26.8 - https:\/\/yoast.com\/product\/yoast-seo-wordpress\/ -->\n<title>Advanced Features : SalesStep<\/title>\n<meta name=\"robots\" content=\"index, follow, max-snippet:-1, max-image-preview:large, max-video-preview:-1\" \/>\n<link rel=\"canonical\" href=\"https:\/\/www.salesstep.com\/de\/advanced-features\/\" \/>\n<meta property=\"og:locale\" content=\"de_DE\" \/>\n<meta property=\"og:type\" content=\"article\" \/>\n<meta property=\"og:title\" content=\"Advanced Features : SalesStep\" \/>\n<meta property=\"og:description\" content=\"Advanced Features SalesStep biedt drie geavanceerde functies die elk assessment en profiel verbeteren. Elke functie is uitgebreid verfijnd om ervoor te zorgen dat u en uw team het beste uit uw ontwikkeling halen. Deze geavanceerde mogelijkheden vergemakkelijken de identificatie van zowel individuele als team sterke punten, lokaliseren lacunes in vaardigheden binnen het team en helpen &hellip; \u201eAdvanced Features\u201c weiterlesen\" \/>\n<meta property=\"og:url\" content=\"https:\/\/www.salesstep.com\/de\/advanced-features\/\" \/>\n<meta property=\"og:site_name\" content=\"SalesStep\" \/>\n<meta property=\"article:modified_time\" content=\"2026-02-27T08:42:18+00:00\" \/>\n<meta property=\"og:image\" content=\"https:\/\/www.salesstep.com\/wp-content\/uploads\/2024\/04\/2-2-1024x1024.png\" \/>\n\t<meta property=\"og:image:width\" content=\"1024\" \/>\n\t<meta property=\"og:image:height\" content=\"1024\" \/>\n\t<meta property=\"og:image:type\" content=\"image\/png\" \/>\n<meta name=\"twitter:card\" content=\"summary_large_image\" \/>\n<meta name=\"twitter:label1\" content=\"Gesch\u00e4tzte Lesezeit\" \/>\n\t<meta name=\"twitter:data1\" content=\"2\u00a0Minuten\" \/>\n<script type=\"application\/ld+json\" class=\"yoast-schema-graph\">{\"@context\":\"https:\/\/schema.org\",\"@graph\":[{\"@type\":\"WebPage\",\"@id\":\"https:\/\/www.salesstep.com\/advanced-features\/\",\"url\":\"https:\/\/www.salesstep.com\/advanced-features\/\",\"name\":\"Advanced Features : SalesStep\",\"isPartOf\":{\"@id\":\"https:\/\/www.salesstep.com\/de\/#website\"},\"primaryImageOfPage\":{\"@id\":\"https:\/\/www.salesstep.com\/advanced-features\/#primaryimage\"},\"image\":{\"@id\":\"https:\/\/www.salesstep.com\/advanced-features\/#primaryimage\"},\"thumbnailUrl\":\"https:\/\/www.salesstep.com\/wp-content\/uploads\/2024\/04\/2-2-1024x1024.png\",\"datePublished\":\"2024-04-28T19:14:19+00:00\",\"dateModified\":\"2026-02-27T08:42:18+00:00\",\"breadcrumb\":{\"@id\":\"https:\/\/www.salesstep.com\/advanced-features\/#breadcrumb\"},\"inLanguage\":\"de\",\"potentialAction\":[{\"@type\":\"ReadAction\",\"target\":[\"https:\/\/www.salesstep.com\/advanced-features\/\"]}]},{\"@type\":\"ImageObject\",\"inLanguage\":\"de\",\"@id\":\"https:\/\/www.salesstep.com\/advanced-features\/#primaryimage\",\"url\":\"https:\/\/www.salesstep.com\/wp-content\/uploads\/2024\/04\/2-2-1024x1024.png\",\"contentUrl\":\"https:\/\/www.salesstep.com\/wp-content\/uploads\/2024\/04\/2-2-1024x1024.png\"},{\"@type\":\"BreadcrumbList\",\"@id\":\"https:\/\/www.salesstep.com\/advanced-features\/#breadcrumb\",\"itemListElement\":[{\"@type\":\"ListItem\",\"position\":1,\"name\":\"Home\",\"item\":\"https:\/\/www.salesstep.com\/\"},{\"@type\":\"ListItem\",\"position\":2,\"name\":\"Advanced Features\"}]},{\"@type\":\"WebSite\",\"@id\":\"https:\/\/www.salesstep.com\/de\/#website\",\"url\":\"https:\/\/www.salesstep.com\/de\/\",\"name\":\"SalesStep\",\"description\":\"The one step to drive sales performance\",\"publisher\":{\"@id\":\"https:\/\/www.salesstep.com\/de\/#organization\"},\"potentialAction\":[{\"@type\":\"SearchAction\",\"target\":{\"@type\":\"EntryPoint\",\"urlTemplate\":\"https:\/\/www.salesstep.com\/de\/?s={search_term_string}\"},\"query-input\":{\"@type\":\"PropertyValueSpecification\",\"valueRequired\":true,\"valueName\":\"search_term_string\"}}],\"inLanguage\":\"de\"},{\"@type\":\"Organization\",\"@id\":\"https:\/\/www.salesstep.com\/de\/#organization\",\"name\":\"SalesStep\",\"url\":\"https:\/\/www.salesstep.com\/de\/\",\"logo\":{\"@type\":\"ImageObject\",\"inLanguage\":\"de\",\"@id\":\"https:\/\/www.salesstep.com\/de\/#\/schema\/logo\/image\/\",\"url\":\"https:\/\/www.salesstep.com\/wp-content\/uploads\/2018\/06\/SalesStep_logo_01_RGB.png\",\"contentUrl\":\"https:\/\/www.salesstep.com\/wp-content\/uploads\/2018\/06\/SalesStep_logo_01_RGB.png\",\"width\":1209,\"height\":257,\"caption\":\"SalesStep\"},\"image\":{\"@id\":\"https:\/\/www.salesstep.com\/de\/#\/schema\/logo\/image\/\"}}]}<\/script>\n<!-- \/ Yoast SEO plugin. -->","yoast_head_json":{"title":"Advanced Features : SalesStep","robots":{"index":"index","follow":"follow","max-snippet":"max-snippet:-1","max-image-preview":"max-image-preview:large","max-video-preview":"max-video-preview:-1"},"canonical":"https:\/\/www.salesstep.com\/de\/advanced-features\/","og_locale":"de_DE","og_type":"article","og_title":"Advanced Features : SalesStep","og_description":"Advanced Features SalesStep biedt drie geavanceerde functies die elk assessment en profiel verbeteren. Elke functie is uitgebreid verfijnd om ervoor te zorgen dat u en uw team het beste uit uw ontwikkeling halen. Deze geavanceerde mogelijkheden vergemakkelijken de identificatie van zowel individuele als team sterke punten, lokaliseren lacunes in vaardigheden binnen het team en helpen &hellip; \u201eAdvanced Features\u201c weiterlesen","og_url":"https:\/\/www.salesstep.com\/de\/advanced-features\/","og_site_name":"SalesStep","article_modified_time":"2026-02-27T08:42:18+00:00","og_image":[{"width":1024,"height":1024,"url":"https:\/\/www.salesstep.com\/wp-content\/uploads\/2024\/04\/2-2-1024x1024.png","type":"image\/png"}],"twitter_card":"summary_large_image","twitter_misc":{"Gesch\u00e4tzte Lesezeit":"2\u00a0Minuten"},"schema":{"@context":"https:\/\/schema.org","@graph":[{"@type":"WebPage","@id":"https:\/\/www.salesstep.com\/advanced-features\/","url":"https:\/\/www.salesstep.com\/advanced-features\/","name":"Advanced Features : SalesStep","isPartOf":{"@id":"https:\/\/www.salesstep.com\/de\/#website"},"primaryImageOfPage":{"@id":"https:\/\/www.salesstep.com\/advanced-features\/#primaryimage"},"image":{"@id":"https:\/\/www.salesstep.com\/advanced-features\/#primaryimage"},"thumbnailUrl":"https:\/\/www.salesstep.com\/wp-content\/uploads\/2024\/04\/2-2-1024x1024.png","datePublished":"2024-04-28T19:14:19+00:00","dateModified":"2026-02-27T08:42:18+00:00","breadcrumb":{"@id":"https:\/\/www.salesstep.com\/advanced-features\/#breadcrumb"},"inLanguage":"de","potentialAction":[{"@type":"ReadAction","target":["https:\/\/www.salesstep.com\/advanced-features\/"]}]},{"@type":"ImageObject","inLanguage":"de","@id":"https:\/\/www.salesstep.com\/advanced-features\/#primaryimage","url":"https:\/\/www.salesstep.com\/wp-content\/uploads\/2024\/04\/2-2-1024x1024.png","contentUrl":"https:\/\/www.salesstep.com\/wp-content\/uploads\/2024\/04\/2-2-1024x1024.png"},{"@type":"BreadcrumbList","@id":"https:\/\/www.salesstep.com\/advanced-features\/#breadcrumb","itemListElement":[{"@type":"ListItem","position":1,"name":"Home","item":"https:\/\/www.salesstep.com\/"},{"@type":"ListItem","position":2,"name":"Advanced Features"}]},{"@type":"WebSite","@id":"https:\/\/www.salesstep.com\/de\/#website","url":"https:\/\/www.salesstep.com\/de\/","name":"SalesStep","description":"Dem einzigen Schritt zur F\u00f6rderung der Verkaufsleistung","publisher":{"@id":"https:\/\/www.salesstep.com\/de\/#organization"},"potentialAction":[{"@type":"SearchAction","target":{"@type":"EntryPoint","urlTemplate":"https:\/\/www.salesstep.com\/de\/?s={search_term_string}"},"query-input":{"@type":"PropertyValueSpecification","valueRequired":true,"valueName":"search_term_string"}}],"inLanguage":"de"},{"@type":"Organization","@id":"https:\/\/www.salesstep.com\/de\/#organization","name":"SalesStep","url":"https:\/\/www.salesstep.com\/de\/","logo":{"@type":"ImageObject","inLanguage":"de","@id":"https:\/\/www.salesstep.com\/de\/#\/schema\/logo\/image\/","url":"https:\/\/www.salesstep.com\/wp-content\/uploads\/2018\/06\/SalesStep_logo_01_RGB.png","contentUrl":"https:\/\/www.salesstep.com\/wp-content\/uploads\/2018\/06\/SalesStep_logo_01_RGB.png","width":1209,"height":257,"caption":"SalesStep"},"image":{"@id":"https:\/\/www.salesstep.com\/de\/#\/schema\/logo\/image\/"}}]}},"_links":{"self":[{"href":"https:\/\/www.salesstep.com\/de\/wp-json\/wp\/v2\/pages\/54411","targetHints":{"allow":["GET"]}}],"collection":[{"href":"https:\/\/www.salesstep.com\/de\/wp-json\/wp\/v2\/pages"}],"about":[{"href":"https:\/\/www.salesstep.com\/de\/wp-json\/wp\/v2\/types\/page"}],"author":[{"embeddable":true,"href":"https:\/\/www.salesstep.com\/de\/wp-json\/wp\/v2\/users\/9"}],"replies":[{"embeddable":true,"href":"https:\/\/www.salesstep.com\/de\/wp-json\/wp\/v2\/comments?post=54411"}],"version-history":[{"count":19,"href":"https:\/\/www.salesstep.com\/de\/wp-json\/wp\/v2\/pages\/54411\/revisions"}],"predecessor-version":[{"id":54994,"href":"https:\/\/www.salesstep.com\/de\/wp-json\/wp\/v2\/pages\/54411\/revisions\/54994"}],"wp:attachment":[{"href":"https:\/\/www.salesstep.com\/de\/wp-json\/wp\/v2\/media?parent=54411"}],"curies":[{"name":"wp","href":"https:\/\/api.w.org\/{rel}","templated":true}]}}