{"id":54029,"date":"2022-04-19T21:49:49","date_gmt":"2022-04-19T20:49:49","guid":{"rendered":"https:\/\/www.salesstep.com\/?page_id=54029"},"modified":"2026-03-30T11:20:13","modified_gmt":"2026-03-30T10:20:13","slug":"testdrive","status":"publish","type":"page","link":"https:\/\/www.salesstep.com\/de\/testdrive\/","title":{"rendered":"Testdrive"},"content":{"rendered":"<div data-elementor-type=\"wp-page\" data-elementor-id=\"54029\" class=\"elementor elementor-54029\" data-elementor-post-type=\"page\">\n\t\t\t\t\t\t<section class=\"elementor-section elementor-top-section elementor-element elementor-element-4867e509 elementor-section-full_width elementor-section-content-middle elementor-section-height-default elementor-section-height-default\" data-id=\"4867e509\" data-element_type=\"section\" data-settings=\"{&quot;background_background&quot;:&quot;classic&quot;}\">\n\t\t\t\t\t\t\t<div class=\"elementor-background-overlay\"><\/div>\n\t\t\t\t\t\t\t<div class=\"elementor-container elementor-column-gap-default\">\n\t\t\t\t\t<div class=\"elementor-column elementor-col-100 elementor-top-column elementor-element elementor-element-c2d7299\" data-id=\"c2d7299\" data-element_type=\"column\">\n\t\t\t<div class=\"elementor-widget-wrap elementor-element-populated\">\n\t\t\t\t\t\t<div class=\"elementor-element elementor-element-8e098ef elementor-widget__width-inherit elementor-widget elementor-widget-spacer\" data-id=\"8e098ef\" data-element_type=\"widget\" data-widget_type=\"spacer.default\">\n\t\t\t\t<div class=\"elementor-widget-container\">\n\t\t\t\t\t\t\t<div class=\"elementor-spacer\">\n\t\t\t<div class=\"elementor-spacer-inner\"><\/div>\n\t\t<\/div>\n\t\t\t\t\t\t<\/div>\n\t\t\t\t<\/div>\n\t\t\t\t\t<\/div>\n\t\t<\/div>\n\t\t\t\t\t<\/div>\n\t\t<\/section>\n\t\t\t\t<section class=\"elementor-section elementor-top-section elementor-element elementor-element-f67e7d3 elementor-section-boxed elementor-section-height-default elementor-section-height-default\" data-id=\"f67e7d3\" data-element_type=\"section\">\n\t\t\t\t\t\t<div class=\"elementor-container elementor-column-gap-default\">\n\t\t\t\t\t<div class=\"elementor-column elementor-col-50 elementor-top-column elementor-element elementor-element-64cec99\" data-id=\"64cec99\" data-element_type=\"column\">\n\t\t\t<div class=\"elementor-widget-wrap elementor-element-populated\">\n\t\t\t\t\t\t<div class=\"elementor-element elementor-element-dbd8a5b elementor-widget elementor-widget-image\" data-id=\"dbd8a5b\" data-element_type=\"widget\" data-widget_type=\"image.default\">\n\t\t\t\t<div class=\"elementor-widget-container\">\n\t\t\t\t\t\t\t\t\t\t\t\t\t\t\t<img fetchpriority=\"high\" decoding=\"async\" width=\"525\" height=\"295\" src=\"https:\/\/www.salesstep.com\/wp-content\/uploads\/2026\/02\/Website-Images.png\" class=\"attachment-large size-large wp-image-54783\" alt=\"\" srcset=\"https:\/\/www.salesstep.com\/wp-content\/uploads\/2026\/02\/Website-Images.png 1920w, https:\/\/www.salesstep.com\/wp-content\/uploads\/2026\/02\/Website-Images-300x169.png 300w, https:\/\/www.salesstep.com\/wp-content\/uploads\/2026\/02\/Website-Images-1024x576.png 1024w, https:\/\/www.salesstep.com\/wp-content\/uploads\/2026\/02\/Website-Images-768x432.png 768w, https:\/\/www.salesstep.com\/wp-content\/uploads\/2026\/02\/Website-Images-1536x864.png 1536w, https:\/\/www.salesstep.com\/wp-content\/uploads\/2026\/02\/Website-Images-18x10.png 18w\" sizes=\"100vw\" \/>\t\t\t\t\t\t\t\t\t\t\t\t\t\t\t<\/div>\n\t\t\t\t<\/div>\n\t\t\t\t<div class=\"elementor-element elementor-element-8bf3c74 elementor-align-center elementor-widget elementor-widget-button\" data-id=\"8bf3c74\" data-element_type=\"widget\" data-widget_type=\"button.default\">\n\t\t\t\t<div class=\"elementor-widget-container\">\n\t\t\t\t\t\t\t\t\t<div class=\"elementor-button-wrapper\">\n\t\t\t\t\t<a class=\"elementor-button elementor-button-link elementor-size-sm\" href=\"https:\/\/www.salesstep.com\/de\/sales-representative\/\">\n\t\t\t\t\t\t<span class=\"elementor-button-content-wrapper\">\n\t\t\t\t\t\t\t\t\t<span class=\"elementor-button-text\">Zugang zu einem Sales-Assessment<\/span>\n\t\t\t\t\t<\/span>\n\t\t\t\t\t<\/a>\n\t\t\t\t<\/div>\n\t\t\t\t\t\t\t\t<\/div>\n\t\t\t\t<\/div>\n\t\t\t\t\t<\/div>\n\t\t<\/div>\n\t\t\t\t<div class=\"elementor-column elementor-col-50 elementor-top-column elementor-element elementor-element-6061ea9\" data-id=\"6061ea9\" data-element_type=\"column\">\n\t\t\t<div class=\"elementor-widget-wrap elementor-element-populated\">\n\t\t\t\t\t\t<div class=\"elementor-element elementor-element-04aada3 elementor-widget elementor-widget-image\" data-id=\"04aada3\" data-element_type=\"widget\" data-widget_type=\"image.default\">\n\t\t\t\t<div class=\"elementor-widget-container\">\n\t\t\t\t\t\t\t\t\t\t\t\t\t\t\t<img decoding=\"async\" width=\"525\" height=\"295\" src=\"https:\/\/www.salesstep.com\/wp-content\/uploads\/2026\/02\/Website-Images-1.png\" class=\"attachment-large size-large wp-image-54784\" alt=\"\" srcset=\"https:\/\/www.salesstep.com\/wp-content\/uploads\/2026\/02\/Website-Images-1.png 1920w, https:\/\/www.salesstep.com\/wp-content\/uploads\/2026\/02\/Website-Images-1-300x169.png 300w, https:\/\/www.salesstep.com\/wp-content\/uploads\/2026\/02\/Website-Images-1-1024x576.png 1024w, https:\/\/www.salesstep.com\/wp-content\/uploads\/2026\/02\/Website-Images-1-768x432.png 768w, https:\/\/www.salesstep.com\/wp-content\/uploads\/2026\/02\/Website-Images-1-1536x864.png 1536w, https:\/\/www.salesstep.com\/wp-content\/uploads\/2026\/02\/Website-Images-1-18x10.png 18w\" sizes=\"100vw\" \/>\t\t\t\t\t\t\t\t\t\t\t\t\t\t\t<\/div>\n\t\t\t\t<\/div>\n\t\t\t\t<div class=\"elementor-element elementor-element-2c46242 elementor-align-center elementor-widget elementor-widget-button\" data-id=\"2c46242\" data-element_type=\"widget\" data-widget_type=\"button.default\">\n\t\t\t\t<div class=\"elementor-widget-container\">\n\t\t\t\t\t\t\t\t\t<div class=\"elementor-button-wrapper\">\n\t\t\t\t\t<a class=\"elementor-button elementor-button-link elementor-size-sm\" href=\"https:\/\/www.salesstep.com\/de\/marketingstep\/\">\n\t\t\t\t\t\t<span class=\"elementor-button-content-wrapper\">\n\t\t\t\t\t\t\t\t\t<span class=\"elementor-button-text\">Zugang zum MarketingStep Assessment<\/span>\n\t\t\t\t\t<\/span>\n\t\t\t\t\t<\/a>\n\t\t\t\t<\/div>\n\t\t\t\t\t\t\t\t<\/div>\n\t\t\t\t<\/div>\n\t\t\t\t\t<\/div>\n\t\t<\/div>\n\t\t\t\t\t<\/div>\n\t\t<\/section>\n\t\t\t\t<section class=\"elementor-section elementor-top-section elementor-element elementor-element-319095c5 elementor-section-boxed elementor-section-height-default elementor-section-height-default\" data-id=\"319095c5\" data-element_type=\"section\">\n\t\t\t\t\t\t<div class=\"elementor-container elementor-column-gap-default\">\n\t\t\t\t\t<div class=\"elementor-column elementor-col-100 elementor-top-column elementor-element elementor-element-7392d4d5\" data-id=\"7392d4d5\" data-element_type=\"column\">\n\t\t\t<div class=\"elementor-widget-wrap elementor-element-populated\">\n\t\t\t\t\t\t<div class=\"elementor-element elementor-element-5b62682c elementor-widget elementor-widget-heading\" data-id=\"5b62682c\" data-element_type=\"widget\" data-widget_type=\"heading.default\">\n\t\t\t\t<div class=\"elementor-widget-container\">\n\t\t\t\t\t<h2 class=\"elementor-heading-title elementor-size-default\">Gewinnen Sie jetzt Einblicke in Ihr Sales oder Marketing Mindset!<\/h2>\t\t\t\t<\/div>\n\t\t\t\t<\/div>\n\t\t\t\t\t<\/div>\n\t\t<\/div>\n\t\t\t\t\t<\/div>\n\t\t<\/section>\n\t\t\t\t<section class=\"elementor-section elementor-top-section elementor-element elementor-element-ac66614 elementor-section-boxed elementor-section-height-default elementor-section-height-default\" data-id=\"ac66614\" data-element_type=\"section\">\n\t\t\t\t\t\t<div class=\"elementor-container elementor-column-gap-default\">\n\t\t\t\t\t<div class=\"elementor-column elementor-col-100 elementor-top-column elementor-element elementor-element-35ca73d9\" data-id=\"35ca73d9\" data-element_type=\"column\">\n\t\t\t<div class=\"elementor-widget-wrap elementor-element-populated\">\n\t\t\t\t\t\t<div class=\"elementor-element elementor-element-45564a48 elementor-widget elementor-widget-text-editor\" data-id=\"45564a48\" data-element_type=\"widget\" data-widget_type=\"text-editor.default\">\n\t\t\t\t<div class=\"elementor-widget-container\">\n\t\t\t\t\t\t\t\t\t<p>M\u00f6chten Sie besser verstehen, wie stark Ihr Ehrgeiz ausgepr\u00e4gt ist, wie leidenschaftlich Sie im Vertrieb oder Marketing sind und was Sie pers\u00f6nlich antreibt? Dann machen Sie eine Testdrive mit dem SalesStep Assessment und f\u00fcllen Sie unser Online-Vertriebs- oder Marketing-Assessment aus. Sie erhalten fundierte Einblicke in zentrale Kompetenzen im Vertrieb und Marketing und entdecken, wo Ihr gr\u00f6\u00dftes Potenzial liegt. Schreiben Sie uns gerne unten, welches Assessment Sie interessiert!<\/p>\t\t\t\t\t\t\t\t<\/div>\n\t\t\t\t<\/div>\n\t\t\t\t\t<\/div>\n\t\t<\/div>\n\t\t\t\t\t<\/div>\n\t\t<\/section>\n\t\t\t\t<section class=\"elementor-section elementor-top-section elementor-element elementor-element-ba3f891 elementor-section-boxed elementor-section-height-default elementor-section-height-default\" data-id=\"ba3f891\" data-element_type=\"section\">\n\t\t\t\t\t\t<div class=\"elementor-container elementor-column-gap-default\">\n\t\t\t\t\t<div class=\"elementor-column elementor-col-100 elementor-top-column elementor-element elementor-element-774e8dd\" data-id=\"774e8dd\" data-element_type=\"column\">\n\t\t\t<div class=\"elementor-widget-wrap elementor-element-populated\">\n\t\t\t\t\t\t<div class=\"elementor-element elementor-element-206a03e elementor-widget elementor-widget-heading\" data-id=\"206a03e\" data-element_type=\"widget\" data-widget_type=\"heading.default\">\n\t\t\t\t<div class=\"elementor-widget-container\">\n\t\t\t\t\t<h2 class=\"elementor-heading-title elementor-size-default\">Lassen Sie uns den Motor starten und Sie ans Steuer Ihrer eigenen Vertriebs- und Marketingentwicklung setzen!<\/h2>\t\t\t\t<\/div>\n\t\t\t\t<\/div>\n\t\t\t\t\t<\/div>\n\t\t<\/div>\n\t\t\t\t\t<\/div>\n\t\t<\/section>\n\t\t\t\t<section class=\"elementor-section elementor-top-section elementor-element elementor-element-5779cfe elementor-section-boxed elementor-section-height-default elementor-section-height-default\" data-id=\"5779cfe\" data-element_type=\"section\">\n\t\t\t\t\t\t<div class=\"elementor-container elementor-column-gap-default\">\n\t\t\t\t\t<div class=\"elementor-column elementor-col-100 elementor-top-column elementor-element elementor-element-0a8ae81\" data-id=\"0a8ae81\" data-element_type=\"column\">\n\t\t\t<div class=\"elementor-widget-wrap elementor-element-populated\">\n\t\t\t\t\t\t<div class=\"elementor-element elementor-element-c06ab8e elementor-button-align-stretch elementor-widget elementor-widget-form\" data-id=\"c06ab8e\" data-element_type=\"widget\" data-settings=\"{&quot;step_next_label&quot;:&quot;Next&quot;,&quot;step_previous_label&quot;:&quot;Previous&quot;,&quot;button_width&quot;:&quot;100&quot;,&quot;step_type&quot;:&quot;number_text&quot;,&quot;step_icon_shape&quot;:&quot;circle&quot;}\" data-widget_type=\"form.default\">\n\t\t\t\t<div class=\"elementor-widget-container\">\n\t\t\t\t\t\t\t<form class=\"elementor-form\" method=\"post\" name=\"Testdrive\" aria-label=\"Testdrive\" action=\"\">\n\t\t\t<input type=\"hidden\" name=\"post_id\" value=\"54029\"\/>\n\t\t\t<input type=\"hidden\" name=\"form_id\" value=\"c06ab8e\"\/>\n\t\t\t<input type=\"hidden\" name=\"referer_title\" value=\"Testdrive : SalesStep\" \/>\n\n\t\t\t\t\t\t\t<input type=\"hidden\" name=\"queried_id\" value=\"54029\"\/>\n\t\t\t\n\t\t\t<div class=\"elementor-form-fields-wrapper elementor-labels-above\">\n\t\t\t\t\t\t\t\t<div class=\"elementor-field-type-text elementor-field-group elementor-column elementor-field-group-name elementor-col-50 elementor-field-required\">\n\t\t\t\t\t\t\t\t\t\t\t\t<label for=\"form-field-name\" class=\"elementor-field-label\">\n\t\t\t\t\t\t\t\tName\t\t\t\t\t\t\t<\/label>\n\t\t\t\t\t\t\t\t\t\t\t\t\t\t<input size=\"1\" type=\"text\" name=\"form_fields[name]\" id=\"form-field-name\" class=\"elementor-field elementor-size-sm  elementor-field-textual\" placeholder=\"Name\" required=\"required\">\n\t\t\t\t\t\t\t\t\t\t\t<\/div>\n\t\t\t\t\t\t\t\t<div class=\"elementor-field-type-text elementor-field-group elementor-column elementor-field-group-field_b424162 elementor-col-50 elementor-field-required\">\n\t\t\t\t\t\t\t\t\t\t\t\t<label for=\"form-field-field_b424162\" class=\"elementor-field-label\">\n\t\t\t\t\t\t\t\tFirma\t\t\t\t\t\t\t<\/label>\n\t\t\t\t\t\t\t\t\t\t\t\t\t\t<input size=\"1\" type=\"text\" name=\"form_fields[field_b424162]\" id=\"form-field-field_b424162\" class=\"elementor-field elementor-size-sm  elementor-field-textual\" placeholder=\"Firma\" required=\"required\">\n\t\t\t\t\t\t\t\t\t\t\t<\/div>\n\t\t\t\t\t\t\t\t<div class=\"elementor-field-type-email elementor-field-group elementor-column elementor-field-group-email elementor-col-50 elementor-field-required\">\n\t\t\t\t\t\t\t\t\t\t\t\t<label for=\"form-field-email\" class=\"elementor-field-label\">\n\t\t\t\t\t\t\t\tEmail\t\t\t\t\t\t\t<\/label>\n\t\t\t\t\t\t\t\t\t\t\t\t\t\t<input size=\"1\" type=\"email\" name=\"form_fields[email]\" id=\"form-field-email\" class=\"elementor-field elementor-size-sm  elementor-field-textual\" placeholder=\"E-Mail-Adresse\" required=\"required\">\n\t\t\t\t\t\t\t\t\t\t\t<\/div>\n\t\t\t\t\t\t\t\t<div class=\"elementor-field-type-text elementor-field-group elementor-column elementor-field-group-message elementor-col-50 elementor-field-required\">\n\t\t\t\t\t\t\t\t\t\t\t\t<label for=\"form-field-message\" class=\"elementor-field-label\">\n\t\t\t\t\t\t\t\tTelefon\t\t\t\t\t\t\t<\/label>\n\t\t\t\t\t\t\t\t\t\t\t\t\t\t<input size=\"1\" type=\"text\" name=\"form_fields[message]\" id=\"form-field-message\" class=\"elementor-field elementor-size-sm  elementor-field-textual\" placeholder=\"Telefonnummer\" required=\"required\">\n\t\t\t\t\t\t\t\t\t\t\t<\/div>\n\t\t\t\t\t\t\t\t<div class=\"elementor-field-type-textarea elementor-field-group elementor-column elementor-field-group-field_d1a880a elementor-col-100\">\n\t\t\t\t\t\t\t\t\t\t\t\t<label for=\"form-field-field_d1a880a\" class=\"elementor-field-label\">\n\t\t\t\t\t\t\t\tWie sind Sie zu diesem TestDrive gekommen?\n(z. B. \u00fcber einen QR-Code, eine Visitenkarte, einen Link, soziale Medien oder einen SalesStep-Facilitator)\t\t\t\t\t\t\t<\/label>\n\t\t\t\t\t\t<textarea class=\"elementor-field-textual elementor-field  elementor-size-sm\" name=\"form_fields[field_d1a880a]\" id=\"form-field-field_d1a880a\" rows=\"2\"><\/textarea>\t\t\t\t<\/div>\n\t\t\t\t\t\t\t\t<div class=\"elementor-field-group elementor-column elementor-field-type-submit elementor-col-100 e-form__buttons\">\n\t\t\t\t\t<button class=\"elementor-button elementor-size-sm\" type=\"submit\">\n\t\t\t\t\t\t<span class=\"elementor-button-content-wrapper\">\n\t\t\t\t\t\t\t\t\t\t\t\t\t\t\t\t\t\t\t\t\t\t<span class=\"elementor-button-text\">Senden<\/span>\n\t\t\t\t\t\t\t\t\t\t\t\t\t<\/span>\n\t\t\t\t\t<\/button>\n\t\t\t\t<\/div>\n\t\t\t<\/div>\n\t\t<input type=\"hidden\" name=\"trp-form-language\" value=\"de\"\/><\/form>\n\t\t\t\t\t\t<\/div>\n\t\t\t\t<\/div>\n\t\t\t\t\t<\/div>\n\t\t<\/div>\n\t\t\t\t\t<\/div>\n\t\t<\/section>\n\t\t\t\t<section class=\"elementor-section elementor-top-section elementor-element elementor-element-2bb241d elementor-section-boxed elementor-section-height-default elementor-section-height-default\" data-id=\"2bb241d\" data-element_type=\"section\">\n\t\t\t\t\t\t<div class=\"elementor-container elementor-column-gap-default\">\n\t\t\t\t\t<div class=\"elementor-column elementor-col-100 elementor-top-column elementor-element elementor-element-70ba672\" data-id=\"70ba672\" data-element_type=\"column\">\n\t\t\t<div class=\"elementor-widget-wrap elementor-element-populated\">\n\t\t\t\t\t\t<div class=\"elementor-element elementor-element-a18b5ed elementor-widget elementor-widget-spacer\" data-id=\"a18b5ed\" data-element_type=\"widget\" data-widget_type=\"spacer.default\">\n\t\t\t\t<div class=\"elementor-widget-container\">\n\t\t\t\t\t\t\t<div class=\"elementor-spacer\">\n\t\t\t<div class=\"elementor-spacer-inner\"><\/div>\n\t\t<\/div>\n\t\t\t\t\t\t<\/div>\n\t\t\t\t<\/div>\n\t\t\t\t\t<\/div>\n\t\t<\/div>\n\t\t\t\t\t<\/div>\n\t\t<\/section>\n\t\t\t\t<\/div>","protected":false},"excerpt":{"rendered":"<p>Access to a Sales Assessment Access to the MarketingStep Assessment Krijg nu inzicht in jouw Sales en Marketing Mindset! Wil je meer weten over jouw Drive to Win, hoe gepassioneerd je bent over sales of marketing, of wat jouw motivatie drijft? Maak dan een proefrit met het SalesStep assessment door ons online sales of marketing &hellip; <\/p>\n<p class=\"link-more\"><a href=\"https:\/\/www.salesstep.com\/de\/testdrive\/\" class=\"more-link\"><span class=\"screen-reader-text\">\u201eTestdrive\u201c<\/span> weiterlesen<\/a><\/p>","protected":false},"author":1,"featured_media":0,"parent":0,"menu_order":0,"comment_status":"closed","ping_status":"closed","template":"elementor_header_footer","meta":{"_monsterinsights_skip_tracking":false,"_monsterinsights_sitenote_active":false,"_monsterinsights_sitenote_note":"","_monsterinsights_sitenote_category":0,"footnotes":""},"class_list":["post-54029","page","type-page","status-publish","hentry"],"yoast_head":"<!-- This site is optimized with the Yoast SEO plugin v26.8 - https:\/\/yoast.com\/product\/yoast-seo-wordpress\/ -->\n<title>Testdrive : SalesStep<\/title>\n<meta name=\"robots\" content=\"index, follow, max-snippet:-1, max-image-preview:large, max-video-preview:-1\" \/>\n<link rel=\"canonical\" href=\"https:\/\/www.salesstep.com\/de\/testdrive\/\" \/>\n<meta property=\"og:locale\" content=\"de_DE\" \/>\n<meta property=\"og:type\" content=\"article\" \/>\n<meta property=\"og:title\" content=\"Testdrive : SalesStep\" \/>\n<meta property=\"og:description\" content=\"Access to a Sales Assessment Access to the MarketingStep Assessment Krijg nu inzicht in jouw Sales en Marketing Mindset! Wil je meer weten over jouw Drive to Win, hoe gepassioneerd je bent over sales of marketing, of wat jouw motivatie drijft? Maak dan een proefrit met het SalesStep assessment door ons online sales of marketing &hellip; \u201eTestdrive\u201c weiterlesen\" \/>\n<meta property=\"og:url\" content=\"https:\/\/www.salesstep.com\/de\/testdrive\/\" \/>\n<meta property=\"og:site_name\" content=\"SalesStep\" \/>\n<meta property=\"article:modified_time\" content=\"2026-03-30T10:20:13+00:00\" \/>\n<meta property=\"og:image\" content=\"https:\/\/www.salesstep.com\/wp-content\/uploads\/2024\/09\/1.jpg\" \/>\n\t<meta property=\"og:image:width\" content=\"1920\" \/>\n\t<meta property=\"og:image:height\" content=\"1080\" \/>\n\t<meta property=\"og:image:type\" content=\"image\/jpeg\" \/>\n<meta name=\"twitter:card\" content=\"summary_large_image\" \/>\n<meta name=\"twitter:label1\" content=\"Gesch\u00e4tzte Lesezeit\" \/>\n\t<meta name=\"twitter:data1\" content=\"1\u00a0Minute\" \/>\n<script type=\"application\/ld+json\" class=\"yoast-schema-graph\">{\"@context\":\"https:\/\/schema.org\",\"@graph\":[{\"@type\":\"WebPage\",\"@id\":\"https:\/\/www.salesstep.com\/testdrive\/\",\"url\":\"https:\/\/www.salesstep.com\/testdrive\/\",\"name\":\"Testdrive : SalesStep\",\"isPartOf\":{\"@id\":\"https:\/\/www.salesstep.com\/de\/#website\"},\"primaryImageOfPage\":{\"@id\":\"https:\/\/www.salesstep.com\/testdrive\/#primaryimage\"},\"image\":{\"@id\":\"https:\/\/www.salesstep.com\/testdrive\/#primaryimage\"},\"thumbnailUrl\":\"https:\/\/www.salesstep.com\/wp-content\/uploads\/2024\/09\/1-1024x576.jpg\",\"datePublished\":\"2022-04-19T20:49:49+00:00\",\"dateModified\":\"2026-03-30T10:20:13+00:00\",\"breadcrumb\":{\"@id\":\"https:\/\/www.salesstep.com\/testdrive\/#breadcrumb\"},\"inLanguage\":\"de\",\"potentialAction\":[{\"@type\":\"ReadAction\",\"target\":[\"https:\/\/www.salesstep.com\/testdrive\/\"]}]},{\"@type\":\"ImageObject\",\"inLanguage\":\"de\",\"@id\":\"https:\/\/www.salesstep.com\/testdrive\/#primaryimage\",\"url\":\"https:\/\/www.salesstep.com\/wp-content\/uploads\/2024\/09\/1-1024x576.jpg\",\"contentUrl\":\"https:\/\/www.salesstep.com\/wp-content\/uploads\/2024\/09\/1-1024x576.jpg\"},{\"@type\":\"BreadcrumbList\",\"@id\":\"https:\/\/www.salesstep.com\/testdrive\/#breadcrumb\",\"itemListElement\":[{\"@type\":\"ListItem\",\"position\":1,\"name\":\"Home\",\"item\":\"https:\/\/www.salesstep.com\/\"},{\"@type\":\"ListItem\",\"position\":2,\"name\":\"Testdrive\"}]},{\"@type\":\"WebSite\",\"@id\":\"https:\/\/www.salesstep.com\/de\/#website\",\"url\":\"https:\/\/www.salesstep.com\/de\/\",\"name\":\"SalesStep\",\"description\":\"The one step to drive sales performance\",\"publisher\":{\"@id\":\"https:\/\/www.salesstep.com\/de\/#organization\"},\"potentialAction\":[{\"@type\":\"SearchAction\",\"target\":{\"@type\":\"EntryPoint\",\"urlTemplate\":\"https:\/\/www.salesstep.com\/de\/?s={search_term_string}\"},\"query-input\":{\"@type\":\"PropertyValueSpecification\",\"valueRequired\":true,\"valueName\":\"search_term_string\"}}],\"inLanguage\":\"de\"},{\"@type\":\"Organization\",\"@id\":\"https:\/\/www.salesstep.com\/de\/#organization\",\"name\":\"SalesStep\",\"url\":\"https:\/\/www.salesstep.com\/de\/\",\"logo\":{\"@type\":\"ImageObject\",\"inLanguage\":\"de\",\"@id\":\"https:\/\/www.salesstep.com\/de\/#\/schema\/logo\/image\/\",\"url\":\"https:\/\/www.salesstep.com\/wp-content\/uploads\/2018\/06\/SalesStep_logo_01_RGB.png\",\"contentUrl\":\"https:\/\/www.salesstep.com\/wp-content\/uploads\/2018\/06\/SalesStep_logo_01_RGB.png\",\"width\":1209,\"height\":257,\"caption\":\"SalesStep\"},\"image\":{\"@id\":\"https:\/\/www.salesstep.com\/de\/#\/schema\/logo\/image\/\"}}]}<\/script>\n<!-- \/ Yoast SEO plugin. -->","yoast_head_json":{"title":"Testdrive : SalesStep","robots":{"index":"index","follow":"follow","max-snippet":"max-snippet:-1","max-image-preview":"max-image-preview:large","max-video-preview":"max-video-preview:-1"},"canonical":"https:\/\/www.salesstep.com\/de\/testdrive\/","og_locale":"de_DE","og_type":"article","og_title":"Testdrive : SalesStep","og_description":"Access to a Sales Assessment Access to the MarketingStep Assessment Krijg nu inzicht in jouw Sales en Marketing Mindset! Wil je meer weten over jouw Drive to Win, hoe gepassioneerd je bent over sales of marketing, of wat jouw motivatie drijft? Maak dan een proefrit met het SalesStep assessment door ons online sales of marketing &hellip; \u201eTestdrive\u201c weiterlesen","og_url":"https:\/\/www.salesstep.com\/de\/testdrive\/","og_site_name":"SalesStep","article_modified_time":"2026-03-30T10:20:13+00:00","og_image":[{"width":1920,"height":1080,"url":"https:\/\/www.salesstep.com\/wp-content\/uploads\/2024\/09\/1.jpg","type":"image\/jpeg"}],"twitter_card":"summary_large_image","twitter_misc":{"Gesch\u00e4tzte Lesezeit":"1\u00a0Minute"},"schema":{"@context":"https:\/\/schema.org","@graph":[{"@type":"WebPage","@id":"https:\/\/www.salesstep.com\/testdrive\/","url":"https:\/\/www.salesstep.com\/testdrive\/","name":"Testdrive : SalesStep","isPartOf":{"@id":"https:\/\/www.salesstep.com\/de\/#website"},"primaryImageOfPage":{"@id":"https:\/\/www.salesstep.com\/testdrive\/#primaryimage"},"image":{"@id":"https:\/\/www.salesstep.com\/testdrive\/#primaryimage"},"thumbnailUrl":"https:\/\/www.salesstep.com\/wp-content\/uploads\/2024\/09\/1-1024x576.jpg","datePublished":"2022-04-19T20:49:49+00:00","dateModified":"2026-03-30T10:20:13+00:00","breadcrumb":{"@id":"https:\/\/www.salesstep.com\/testdrive\/#breadcrumb"},"inLanguage":"de","potentialAction":[{"@type":"ReadAction","target":["https:\/\/www.salesstep.com\/testdrive\/"]}]},{"@type":"ImageObject","inLanguage":"de","@id":"https:\/\/www.salesstep.com\/testdrive\/#primaryimage","url":"https:\/\/www.salesstep.com\/wp-content\/uploads\/2024\/09\/1-1024x576.jpg","contentUrl":"https:\/\/www.salesstep.com\/wp-content\/uploads\/2024\/09\/1-1024x576.jpg"},{"@type":"BreadcrumbList","@id":"https:\/\/www.salesstep.com\/testdrive\/#breadcrumb","itemListElement":[{"@type":"ListItem","position":1,"name":"Home","item":"https:\/\/www.salesstep.com\/"},{"@type":"ListItem","position":2,"name":"Testdrive"}]},{"@type":"WebSite","@id":"https:\/\/www.salesstep.com\/de\/#website","url":"https:\/\/www.salesstep.com\/de\/","name":"SalesStep","description":"Dem einzigen Schritt zur F\u00f6rderung der Verkaufsleistung","publisher":{"@id":"https:\/\/www.salesstep.com\/de\/#organization"},"potentialAction":[{"@type":"SearchAction","target":{"@type":"EntryPoint","urlTemplate":"https:\/\/www.salesstep.com\/de\/?s={search_term_string}"},"query-input":{"@type":"PropertyValueSpecification","valueRequired":true,"valueName":"search_term_string"}}],"inLanguage":"de"},{"@type":"Organization","@id":"https:\/\/www.salesstep.com\/de\/#organization","name":"SalesStep","url":"https:\/\/www.salesstep.com\/de\/","logo":{"@type":"ImageObject","inLanguage":"de","@id":"https:\/\/www.salesstep.com\/de\/#\/schema\/logo\/image\/","url":"https:\/\/www.salesstep.com\/wp-content\/uploads\/2018\/06\/SalesStep_logo_01_RGB.png","contentUrl":"https:\/\/www.salesstep.com\/wp-content\/uploads\/2018\/06\/SalesStep_logo_01_RGB.png","width":1209,"height":257,"caption":"SalesStep"},"image":{"@id":"https:\/\/www.salesstep.com\/de\/#\/schema\/logo\/image\/"}}]}},"_links":{"self":[{"href":"https:\/\/www.salesstep.com\/de\/wp-json\/wp\/v2\/pages\/54029","targetHints":{"allow":["GET"]}}],"collection":[{"href":"https:\/\/www.salesstep.com\/de\/wp-json\/wp\/v2\/pages"}],"about":[{"href":"https:\/\/www.salesstep.com\/de\/wp-json\/wp\/v2\/types\/page"}],"author":[{"embeddable":true,"href":"https:\/\/www.salesstep.com\/de\/wp-json\/wp\/v2\/users\/1"}],"replies":[{"embeddable":true,"href":"https:\/\/www.salesstep.com\/de\/wp-json\/wp\/v2\/comments?post=54029"}],"version-history":[{"count":24,"href":"https:\/\/www.salesstep.com\/de\/wp-json\/wp\/v2\/pages\/54029\/revisions"}],"predecessor-version":[{"id":55102,"href":"https:\/\/www.salesstep.com\/de\/wp-json\/wp\/v2\/pages\/54029\/revisions\/55102"}],"wp:attachment":[{"href":"https:\/\/www.salesstep.com\/de\/wp-json\/wp\/v2\/media?parent=54029"}],"curies":[{"name":"wp","href":"https:\/\/api.w.org\/{rel}","templated":true}]}}